{"id":1391,"date":"2018-11-15T20:05:14","date_gmt":"2018-11-15T19:05:14","guid":{"rendered":"https:\/\/acts-he.de\/?page_id=1391"},"modified":"2022-01-01T14:32:54","modified_gmt":"2022-01-01T13:32:54","slug":"angebot","status":"publish","type":"page","link":"https:\/\/acts-he.de\/en\/?page_id=1391","title":{"rendered":"Angebot"},"content":{"rendered":"<div data-elementor-type=\"wp-post\" data-elementor-id=\"1391\" class=\"elementor elementor-1391\" data-elementor-post-type=\"page\">\n\t\t\t\t\t\t<section class=\"elementor-section elementor-top-section elementor-element elementor-element-af9f74e elementor-section-height-min-height elementor-section-boxed elementor-section-height-default elementor-section-items-middle\" data-id=\"af9f74e\" data-element_type=\"section\" data-settings=\"{&quot;background_background&quot;:&quot;classic&quot;,&quot;shape_divider_bottom&quot;:&quot;tilt&quot;}\">\n\t\t\t\t\t\t\t<div class=\"elementor-background-overlay\"><\/div>\n\t\t\t\t\t\t<div class=\"elementor-shape elementor-shape-bottom\" data-negative=\"false\">\n\t\t\t<svg xmlns=\"http:\/\/www.w3.org\/2000\/svg\" viewbox=\"0 0 1000 100\" preserveaspectratio=\"none\">\n\t<path class=\"elementor-shape-fill\" d=\"M0,6V0h1000v100L0,6z\"\/>\n<\/svg>\t\t<\/div>\n\t\t\t\t\t<div class=\"elementor-container elementor-column-gap-default\">\n\t\t\t\t\t<div class=\"elementor-column elementor-col-100 elementor-top-column elementor-element elementor-element-b8e9ee8\" data-id=\"b8e9ee8\" data-element_type=\"column\">\n\t\t\t<div class=\"elementor-widget-wrap\">\n\t\t\t\t\t\t\t<\/div>\n\t\t<\/div>\n\t\t\t\t\t<\/div>\n\t\t<\/section>\n\t\t\t\t<section class=\"elementor-section elementor-top-section elementor-element elementor-element-658b223 elementor-section-boxed elementor-section-height-default elementor-section-height-default\" data-id=\"658b223\" data-element_type=\"section\" data-settings=\"{&quot;background_background&quot;:&quot;classic&quot;}\">\n\t\t\t\t\t\t<div class=\"elementor-container elementor-column-gap-default\">\n\t\t\t\t\t<div class=\"elementor-column elementor-col-100 elementor-top-column elementor-element elementor-element-7c5a915\" data-id=\"7c5a915\" data-element_type=\"column\">\n\t\t\t<div class=\"elementor-widget-wrap elementor-element-populated\">\n\t\t\t\t\t\t<section class=\"elementor-section elementor-inner-section elementor-element elementor-element-f613b84 elementor-section-boxed elementor-section-height-default elementor-section-height-default\" data-id=\"f613b84\" data-element_type=\"section\">\n\t\t\t\t\t\t<div class=\"elementor-container elementor-column-gap-default\">\n\t\t\t\t\t<div class=\"elementor-column elementor-col-50 elementor-inner-column elementor-element elementor-element-c20905a\" data-id=\"c20905a\" data-element_type=\"column\">\n\t\t\t<div class=\"elementor-widget-wrap elementor-element-populated\">\n\t\t\t\t\t\t<div class=\"elementor-element elementor-element-5af56e7 elementor-widget elementor-widget-text-editor\" data-id=\"5af56e7\" data-element_type=\"widget\" data-widget_type=\"text-editor.default\">\n\t\t\t\t<div class=\"elementor-widget-container\">\n\t\t\t\t\t\t\t<p>My offer is directed to the governmental as well as to the civil sector.<\/p>\t\t\t\t\t\t<\/div>\n\t\t\t\t<\/div>\n\t\t\t\t\t<\/div>\n\t\t<\/div>\n\t\t\t\t<div class=\"elementor-column elementor-col-50 elementor-inner-column elementor-element elementor-element-cf19b7f\" data-id=\"cf19b7f\" data-element_type=\"column\">\n\t\t\t<div class=\"elementor-widget-wrap elementor-element-populated\">\n\t\t\t\t\t\t<div class=\"elementor-element elementor-element-1874acd elementor-widget elementor-widget-image\" data-id=\"1874acd\" data-element_type=\"widget\" data-widget_type=\"image.default\">\n\t\t\t\t<div class=\"elementor-widget-container\">\n\t\t\t\t\t\t\t\t\t\t\t\t\t<img fetchpriority=\"high\" decoding=\"async\" width=\"225\" height=\"300\" src=\"https:\/\/acts-he.de\/wp-content\/uploads\/2018\/11\/IMG_1779-225x300.jpg\" class=\"attachment-medium size-medium wp-image-1510\" alt=\"\" srcset=\"https:\/\/acts-he.de\/wp-content\/uploads\/2018\/11\/IMG_1779-225x300.jpg 225w, https:\/\/acts-he.de\/wp-content\/uploads\/2018\/11\/IMG_1779-600x800.jpg 600w, https:\/\/acts-he.de\/wp-content\/uploads\/2018\/11\/IMG_1779-768x1024.jpg 768w, https:\/\/acts-he.de\/wp-content\/uploads\/2018\/11\/IMG_1779.jpg 960w\" sizes=\"(max-width: 225px) 100vw, 225px\" \/>\t\t\t\t\t\t\t\t\t\t\t\t\t<\/div>\n\t\t\t\t<\/div>\n\t\t\t\t\t<\/div>\n\t\t<\/div>\n\t\t\t\t\t<\/div>\n\t\t<\/section>\n\t\t\t\t\t<\/div>\n\t\t<\/div>\n\t\t\t\t\t<\/div>\n\t\t<\/section>\n\t\t\t\t<section class=\"elementor-section elementor-top-section elementor-element elementor-element-27003c1d elementor-section-content-middle elementor-section-boxed elementor-section-height-default elementor-section-height-default\" data-id=\"27003c1d\" data-element_type=\"section\" data-settings=\"{&quot;background_background&quot;:&quot;classic&quot;}\">\n\t\t\t\t\t\t<div class=\"elementor-container elementor-column-gap-no\">\n\t\t\t\t\t<div class=\"elementor-column elementor-col-50 elementor-top-column elementor-element elementor-element-24b564e9\" data-id=\"24b564e9\" data-element_type=\"column\">\n\t\t\t<div class=\"elementor-widget-wrap elementor-element-populated\">\n\t\t\t\t\t\t<div class=\"elementor-element elementor-element-3c22cf68 elementor-widget elementor-widget-spacer\" data-id=\"3c22cf68\" data-element_type=\"widget\" data-widget_type=\"spacer.default\">\n\t\t\t\t<div class=\"elementor-widget-container\">\n\t\t\t\t\t<div class=\"elementor-spacer\">\n\t\t\t<div class=\"elementor-spacer-inner\"><\/div>\n\t\t<\/div>\n\t\t\t\t<\/div>\n\t\t\t\t<\/div>\n\t\t\t\t<div class=\"elementor-element elementor-element-5d63f7b6 elementor-widget elementor-widget-image\" data-id=\"5d63f7b6\" data-element_type=\"widget\" data-widget_type=\"image.default\">\n\t\t\t\t<div class=\"elementor-widget-container\">\n\t\t\t\t\t\t\t\t\t\t\t\t\t<img decoding=\"async\" width=\"285\" height=\"300\" src=\"https:\/\/acts-he.de\/wp-content\/uploads\/2018\/02\/IMG_1028-285x300.jpg\" class=\"attachment-medium size-medium wp-image-270\" alt=\"\" srcset=\"https:\/\/acts-he.de\/wp-content\/uploads\/2018\/02\/IMG_1028-285x300.jpg 285w, https:\/\/acts-he.de\/wp-content\/uploads\/2018\/02\/IMG_1028-600x631.jpg 600w, https:\/\/acts-he.de\/wp-content\/uploads\/2018\/02\/IMG_1028-768x808.jpg 768w, https:\/\/acts-he.de\/wp-content\/uploads\/2018\/02\/IMG_1028-973x1024.jpg 973w, https:\/\/acts-he.de\/wp-content\/uploads\/2018\/02\/IMG_1028.jpg 1840w\" sizes=\"(max-width: 285px) 100vw, 285px\" \/>\t\t\t\t\t\t\t\t\t\t\t\t\t<\/div>\n\t\t\t\t<\/div>\n\t\t\t\t\t<\/div>\n\t\t<\/div>\n\t\t\t\t<div class=\"elementor-column elementor-col-50 elementor-top-column elementor-element elementor-element-5058b32\" data-id=\"5058b32\" data-element_type=\"column\">\n\t\t\t<div class=\"elementor-widget-wrap elementor-element-populated\">\n\t\t\t\t\t\t<div class=\"elementor-element elementor-element-351517d0 elementor-widget elementor-widget-text-editor\" data-id=\"351517d0\" data-element_type=\"widget\" data-widget_type=\"text-editor.default\">\n\t\t\t\t<div class=\"elementor-widget-container\">\n\t\t\t\t\t\t\t<p>I conduct<\/p><ul><li>Shooting training for individual shooters and shooting groups as well as<\/li><li>Aus- und Weiterbildung von Schie\u00dfausbildern.\u00a0<\/li><\/ul><p>I create<\/p><ul><li>Shooting training concepts and documents.<\/li><\/ul><p>I consult companies<\/p><ul><li>for presentations,<\/li><li>in the context of training and\/or briefings,\u00a0<\/li><li>In the training of trainers,<\/li><li>in methodological\/didactic principles and\u00a0<\/li><li>in the planning, implementation and stabilization of major projects\u00a0<\/li><\/ul><p>from the user's point of view and as an instructor.<\/p><p>I place special emphasis on taking into account your specific needs and applying modern principles of adult education.<\/p><p>Take advantage of my background knowledge and decades of experience in education, training and missions.<\/p>\t\t\t\t\t\t<\/div>\n\t\t\t\t<\/div>\n\t\t\t\t\t<\/div>\n\t\t<\/div>\n\t\t\t\t\t<\/div>\n\t\t<\/section>\n\t\t\t\t<section class=\"elementor-section elementor-top-section elementor-element elementor-element-78d9795f elementor-section-content-top elementor-section-boxed elementor-section-height-default elementor-section-height-default\" data-id=\"78d9795f\" data-element_type=\"section\" data-settings=\"{&quot;background_background&quot;:&quot;classic&quot;}\">\n\t\t\t\t\t\t<div class=\"elementor-container elementor-column-gap-no\">\n\t\t\t\t\t<div class=\"elementor-column elementor-col-100 elementor-top-column elementor-element elementor-element-131ea907\" data-id=\"131ea907\" data-element_type=\"column\">\n\t\t\t<div class=\"elementor-widget-wrap elementor-element-populated\">\n\t\t\t\t\t\t<div class=\"elementor-element elementor-element-1b434532 elementor-widget elementor-widget-text-editor\" data-id=\"1b434532\" data-element_type=\"widget\" data-widget_type=\"text-editor.default\">\n\t\t\t\t<div class=\"elementor-widget-container\">\n\t\t\t\t\t\t\t<p>I conduct<\/p><ul><li>Beginner training,\u00a0<\/li><li>Individual training and\u00a0<\/li><li>Group trainings<\/li><\/ul><p>in both techniques of cross-country skiing.\u00a0<\/p><p>I also conduct non-discipline specific shooting training for sport shooters.\u00a0\u00a0<\/p>\t\t\t\t\t\t<\/div>\n\t\t\t\t<\/div>\n\t\t\t\t<div class=\"elementor-element elementor-element-767859d elementor-widget elementor-widget-image\" data-id=\"767859d\" data-element_type=\"widget\" data-widget_type=\"image.default\">\n\t\t\t\t<div class=\"elementor-widget-container\">\n\t\t\t\t\t\t\t\t\t\t\t\t\t<img decoding=\"async\" width=\"300\" height=\"225\" src=\"https:\/\/acts-he.de\/wp-content\/uploads\/2018\/02\/IMG_0981-300x225.jpg\" class=\"attachment-medium size-medium wp-image-243\" alt=\"\" srcset=\"https:\/\/acts-he.de\/wp-content\/uploads\/2018\/02\/IMG_0981-300x225.jpg 300w, https:\/\/acts-he.de\/wp-content\/uploads\/2018\/02\/IMG_0981-scaled-600x450.jpg 600w, https:\/\/acts-he.de\/wp-content\/uploads\/2018\/02\/IMG_0981-768x576.jpg 768w, https:\/\/acts-he.de\/wp-content\/uploads\/2018\/02\/IMG_0981-1024x768.jpg 1024w\" sizes=\"(max-width: 300px) 100vw, 300px\" \/>\t\t\t\t\t\t\t\t\t\t\t\t\t<\/div>\n\t\t\t\t<\/div>\n\t\t\t\t\t<\/div>\n\t\t<\/div>\n\t\t\t\t\t<\/div>\n\t\t<\/section>\n\t\t\t\t<section class=\"elementor-section elementor-top-section elementor-element elementor-element-169f18c elementor-section-height-min-height elementor-section-boxed elementor-section-height-default elementor-section-items-middle\" data-id=\"169f18c\" data-element_type=\"section\" data-settings=\"{&quot;background_background&quot;:&quot;classic&quot;,&quot;shape_divider_top&quot;:&quot;tilt&quot;}\">\n\t\t\t\t\t\t\t<div class=\"elementor-background-overlay\"><\/div>\n\t\t\t\t\t\t<div class=\"elementor-shape elementor-shape-top\" data-negative=\"false\">\n\t\t\t<svg xmlns=\"http:\/\/www.w3.org\/2000\/svg\" viewbox=\"0 0 1000 100\" preserveaspectratio=\"none\">\n\t<path class=\"elementor-shape-fill\" d=\"M0,6V0h1000v100L0,6z\"\/>\n<\/svg>\t\t<\/div>\n\t\t\t\t\t<div class=\"elementor-container elementor-column-gap-default\">\n\t\t\t\t\t<div class=\"elementor-column elementor-col-100 elementor-top-column elementor-element elementor-element-f75c3f0\" data-id=\"f75c3f0\" data-element_type=\"column\">\n\t\t\t<div class=\"elementor-widget-wrap\">\n\t\t\t\t\t\t\t<\/div>\n\t\t<\/div>\n\t\t\t\t\t<\/div>\n\t\t<\/section>\n\t\t\t\t<\/div>","protected":false},"excerpt":{"rendered":"<p>Mein Angebot richtet sich sowohl an den beh\u00f6rdlichen, als auch den zivilen Bereich. Ich f\u00fchre durch Schie\u00dfausbildung f\u00fcr Einzelsch\u00fctzen und Sch\u00fctzengruppen sowie Aus- und Weiterbildung von Schie\u00dfausbildern.\u00a0 Ich erstelle Schie\u00dfausbildungskonzeptionen und -unterlagen. Ich berate\u00a0Firmen bei Pr\u00e4sentationen, im Rahmen von Ausbildungen und \/oder Einweisungen,\u00a0 bei der Ausbildung von Ausbildern, in methodisch\/didaktischen Grunds\u00e4tzen und\u00a0 bei der Planung, [&hellip;]<\/p>","protected":false},"author":2,"featured_media":0,"parent":0,"menu_order":0,"comment_status":"closed","ping_status":"closed","template":"elementor_header_footer","meta":{"footnotes":""},"class_list":["post-1391","page","type-page","status-publish","hentry"],"yoast_head":"<!-- This site is optimized with the Yoast SEO plugin v23.8 - https:\/\/yoast.com\/wordpress\/plugins\/seo\/ -->\n<title>Angebot - ACTS-HE<\/title>\n<meta name=\"robots\" content=\"index, follow, max-snippet:-1, max-image-preview:large, max-video-preview:-1\" \/>\n<link rel=\"canonical\" href=\"https:\/\/acts-he.de\/en\/?page_id=1391\" \/>\n<meta property=\"og:locale\" content=\"en_US\" \/>\n<meta property=\"og:type\" content=\"article\" \/>\n<meta property=\"og:title\" content=\"Angebot - ACTS-HE\" \/>\n<meta property=\"og:description\" content=\"Mein Angebot richtet sich sowohl an den beh\u00f6rdlichen, als auch den zivilen Bereich. Ich f\u00fchre durch Schie\u00dfausbildung f\u00fcr Einzelsch\u00fctzen und Sch\u00fctzengruppen sowie Aus- und Weiterbildung von Schie\u00dfausbildern.\u00a0 Ich erstelle Schie\u00dfausbildungskonzeptionen und -unterlagen. Ich berate\u00a0Firmen bei Pr\u00e4sentationen, im Rahmen von Ausbildungen und \/oder Einweisungen,\u00a0 bei der Ausbildung von Ausbildern, in methodisch\/didaktischen Grunds\u00e4tzen und\u00a0 bei der Planung, [&hellip;]\" \/>\n<meta property=\"og:url\" content=\"https:\/\/acts-he.de\/en\/?page_id=1391\" \/>\n<meta property=\"og:site_name\" content=\"ACTS-HE\" \/>\n<meta property=\"article:modified_time\" content=\"2022-01-01T13:32:54+00:00\" \/>\n<meta property=\"og:image\" content=\"https:\/\/acts-he.de\/wp-content\/uploads\/2018\/11\/IMG_1779-225x300.jpg\" \/>\n<meta name=\"twitter:card\" content=\"summary_large_image\" \/>\n<meta name=\"twitter:label1\" content=\"Est. reading time\" \/>\n\t<meta name=\"twitter:data1\" content=\"2 minutes\" \/>\n<script type=\"application\/ld+json\" class=\"yoast-schema-graph\">{\"@context\":\"https:\/\/schema.org\",\"@graph\":[{\"@type\":\"WebPage\",\"@id\":\"https:\/\/acts-he.de\/?page_id=1391\",\"url\":\"https:\/\/acts-he.de\/?page_id=1391\",\"name\":\"Angebot - ACTS-HE\",\"isPartOf\":{\"@id\":\"https:\/\/acts-he.de\/#website\"},\"primaryImageOfPage\":{\"@id\":\"https:\/\/acts-he.de\/?page_id=1391#primaryimage\"},\"image\":{\"@id\":\"https:\/\/acts-he.de\/?page_id=1391#primaryimage\"},\"thumbnailUrl\":\"https:\/\/acts-he.de\/wp-content\/uploads\/2018\/11\/IMG_1779-225x300.jpg\",\"datePublished\":\"2018-11-15T19:05:14+00:00\",\"dateModified\":\"2022-01-01T13:32:54+00:00\",\"breadcrumb\":{\"@id\":\"https:\/\/acts-he.de\/?page_id=1391#breadcrumb\"},\"inLanguage\":\"en-US\",\"potentialAction\":[{\"@type\":\"ReadAction\",\"target\":[\"https:\/\/acts-he.de\/?page_id=1391\"]}]},{\"@type\":\"ImageObject\",\"inLanguage\":\"en-US\",\"@id\":\"https:\/\/acts-he.de\/?page_id=1391#primaryimage\",\"url\":\"https:\/\/acts-he.de\/wp-content\/uploads\/2018\/11\/IMG_1779-225x300.jpg\",\"contentUrl\":\"https:\/\/acts-he.de\/wp-content\/uploads\/2018\/11\/IMG_1779-225x300.jpg\"},{\"@type\":\"BreadcrumbList\",\"@id\":\"https:\/\/acts-he.de\/?page_id=1391#breadcrumb\",\"itemListElement\":[{\"@type\":\"ListItem\",\"position\":1,\"name\":\"Startseite\",\"item\":\"https:\/\/acts-he.de\/\"},{\"@type\":\"ListItem\",\"position\":2,\"name\":\"Angebot\"}]},{\"@type\":\"WebSite\",\"@id\":\"https:\/\/acts-he.de\/#website\",\"url\":\"https:\/\/acts-he.de\/\",\"name\":\"ACTS-HE\",\"description\":\"\",\"potentialAction\":[{\"@type\":\"SearchAction\",\"target\":{\"@type\":\"EntryPoint\",\"urlTemplate\":\"https:\/\/acts-he.de\/?s={search_term_string}\"},\"query-input\":{\"@type\":\"PropertyValueSpecification\",\"valueRequired\":true,\"valueName\":\"search_term_string\"}}],\"inLanguage\":\"en-US\"}]}<\/script>\n<!-- \/ Yoast SEO plugin. -->","yoast_head_json":{"title":"Angebot - ACTS-HE","robots":{"index":"index","follow":"follow","max-snippet":"max-snippet:-1","max-image-preview":"max-image-preview:large","max-video-preview":"max-video-preview:-1"},"canonical":"https:\/\/acts-he.de\/en\/?page_id=1391","og_locale":"en_US","og_type":"article","og_title":"Angebot - ACTS-HE","og_description":"Mein Angebot richtet sich sowohl an den beh\u00f6rdlichen, als auch den zivilen Bereich. Ich f\u00fchre durch Schie\u00dfausbildung f\u00fcr Einzelsch\u00fctzen und Sch\u00fctzengruppen sowie Aus- und Weiterbildung von Schie\u00dfausbildern.\u00a0 Ich erstelle Schie\u00dfausbildungskonzeptionen und -unterlagen. Ich berate\u00a0Firmen bei Pr\u00e4sentationen, im Rahmen von Ausbildungen und \/oder Einweisungen,\u00a0 bei der Ausbildung von Ausbildern, in methodisch\/didaktischen Grunds\u00e4tzen und\u00a0 bei der Planung, [&hellip;]","og_url":"https:\/\/acts-he.de\/en\/?page_id=1391","og_site_name":"ACTS-HE","article_modified_time":"2022-01-01T13:32:54+00:00","og_image":[{"url":"https:\/\/acts-he.de\/wp-content\/uploads\/2018\/11\/IMG_1779-225x300.jpg"}],"twitter_card":"summary_large_image","twitter_misc":{"Est. reading time":"2 minutes"},"schema":{"@context":"https:\/\/schema.org","@graph":[{"@type":"WebPage","@id":"https:\/\/acts-he.de\/?page_id=1391","url":"https:\/\/acts-he.de\/?page_id=1391","name":"Angebot - ACTS-HE","isPartOf":{"@id":"https:\/\/acts-he.de\/#website"},"primaryImageOfPage":{"@id":"https:\/\/acts-he.de\/?page_id=1391#primaryimage"},"image":{"@id":"https:\/\/acts-he.de\/?page_id=1391#primaryimage"},"thumbnailUrl":"https:\/\/acts-he.de\/wp-content\/uploads\/2018\/11\/IMG_1779-225x300.jpg","datePublished":"2018-11-15T19:05:14+00:00","dateModified":"2022-01-01T13:32:54+00:00","breadcrumb":{"@id":"https:\/\/acts-he.de\/?page_id=1391#breadcrumb"},"inLanguage":"en-US","potentialAction":[{"@type":"ReadAction","target":["https:\/\/acts-he.de\/?page_id=1391"]}]},{"@type":"ImageObject","inLanguage":"en-US","@id":"https:\/\/acts-he.de\/?page_id=1391#primaryimage","url":"https:\/\/acts-he.de\/wp-content\/uploads\/2018\/11\/IMG_1779-225x300.jpg","contentUrl":"https:\/\/acts-he.de\/wp-content\/uploads\/2018\/11\/IMG_1779-225x300.jpg"},{"@type":"BreadcrumbList","@id":"https:\/\/acts-he.de\/?page_id=1391#breadcrumb","itemListElement":[{"@type":"ListItem","position":1,"name":"Startseite","item":"https:\/\/acts-he.de\/"},{"@type":"ListItem","position":2,"name":"Angebot"}]},{"@type":"WebSite","@id":"https:\/\/acts-he.de\/#website","url":"https:\/\/acts-he.de\/","name":"ACTS-HE","description":"","potentialAction":[{"@type":"SearchAction","target":{"@type":"EntryPoint","urlTemplate":"https:\/\/acts-he.de\/?s={search_term_string}"},"query-input":{"@type":"PropertyValueSpecification","valueRequired":true,"valueName":"search_term_string"}}],"inLanguage":"en-US"}]}},"_links":{"self":[{"href":"https:\/\/acts-he.de\/en\/index.php?rest_route=\/wp\/v2\/pages\/1391","targetHints":{"allow":["GET"]}}],"collection":[{"href":"https:\/\/acts-he.de\/en\/index.php?rest_route=\/wp\/v2\/pages"}],"about":[{"href":"https:\/\/acts-he.de\/en\/index.php?rest_route=\/wp\/v2\/types\/page"}],"author":[{"embeddable":true,"href":"https:\/\/acts-he.de\/en\/index.php?rest_route=\/wp\/v2\/users\/2"}],"replies":[{"embeddable":true,"href":"https:\/\/acts-he.de\/en\/index.php?rest_route=%2Fwp%2Fv2%2Fcomments&post=1391"}],"version-history":[{"count":38,"href":"https:\/\/acts-he.de\/en\/index.php?rest_route=\/wp\/v2\/pages\/1391\/revisions"}],"predecessor-version":[{"id":3880,"href":"https:\/\/acts-he.de\/en\/index.php?rest_route=\/wp\/v2\/pages\/1391\/revisions\/3880"}],"wp:attachment":[{"href":"https:\/\/acts-he.de\/en\/index.php?rest_route=%2Fwp%2Fv2%2Fmedia&parent=1391"}],"curies":[{"name":"wp","href":"https:\/\/api.w.org\/{rel}","templated":true}]}}