{"id":702,"date":"2018-05-10T12:54:44","date_gmt":"2018-05-10T10:54:44","guid":{"rendered":"https:\/\/acts-he.de\/?page_id=702"},"modified":"2022-01-01T14:20:01","modified_gmt":"2022-01-01T13:20:01","slug":"ueber-mich","status":"publish","type":"page","link":"https:\/\/acts-he.de\/en\/?page_id=702","title":{"rendered":"ABOUT ME"},"content":{"rendered":"<div data-elementor-type=\"wp-post\" data-elementor-id=\"702\" class=\"elementor elementor-702\" data-elementor-post-type=\"page\">\n\t\t\t\t\t\t<section class=\"elementor-section elementor-top-section elementor-element elementor-element-f29794a elementor-section-full_width elementor-section-height-min-height elementor-section-content-middle elementor-section-height-default elementor-section-items-middle\" data-id=\"f29794a\" data-element_type=\"section\" data-settings=\"{&quot;background_background&quot;:&quot;classic&quot;,&quot;shape_divider_bottom&quot;:&quot;tilt&quot;}\">\n\t\t\t\t\t\t\t<div class=\"elementor-background-overlay\"><\/div>\n\t\t\t\t\t\t<div class=\"elementor-shape elementor-shape-bottom\" data-negative=\"false\">\n\t\t\t<svg xmlns=\"http:\/\/www.w3.org\/2000\/svg\" viewbox=\"0 0 1000 100\" preserveaspectratio=\"none\">\n\t<path class=\"elementor-shape-fill\" d=\"M0,6V0h1000v100L0,6z\"\/>\n<\/svg>\t\t<\/div>\n\t\t\t\t\t<div class=\"elementor-container elementor-column-gap-default\">\n\t\t\t\t\t<div class=\"elementor-column elementor-col-100 elementor-top-column elementor-element elementor-element-aaff8bf\" data-id=\"aaff8bf\" data-element_type=\"column\">\n\t\t\t<div class=\"elementor-widget-wrap\">\n\t\t\t\t\t\t\t<\/div>\n\t\t<\/div>\n\t\t\t\t\t<\/div>\n\t\t<\/section>\n\t\t\t\t<section class=\"elementor-section elementor-top-section elementor-element elementor-element-5496cc13 elementor-section-content-middle elementor-section-boxed elementor-section-height-default elementor-section-height-default\" data-id=\"5496cc13\" data-element_type=\"section\" data-settings=\"{&quot;background_background&quot;:&quot;classic&quot;}\">\n\t\t\t\t\t\t<div class=\"elementor-container elementor-column-gap-no\">\n\t\t\t\t\t<div class=\"elementor-column elementor-col-33 elementor-top-column elementor-element elementor-element-21479777\" data-id=\"21479777\" data-element_type=\"column\">\n\t\t\t<div class=\"elementor-widget-wrap elementor-element-populated\">\n\t\t\t\t\t\t<div class=\"elementor-element elementor-element-db70650 elementor-widget elementor-widget-spacer\" data-id=\"db70650\" data-element_type=\"widget\" data-widget_type=\"spacer.default\">\n\t\t\t\t<div class=\"elementor-widget-container\">\n\t\t\t\t\t<div class=\"elementor-spacer\">\n\t\t\t<div class=\"elementor-spacer-inner\"><\/div>\n\t\t<\/div>\n\t\t\t\t<\/div>\n\t\t\t\t<\/div>\n\t\t\t\t<div class=\"elementor-element elementor-element-73974954 elementor-widget elementor-widget-text-editor\" data-id=\"73974954\" data-element_type=\"widget\" data-widget_type=\"text-editor.default\">\n\t\t\t\t<div class=\"elementor-widget-container\">\n\t\t\t\t\t\t\t<p>The various training courses and assignments as a mountain infantry soldier in my 30 years of service have certainly had a decisive influence on me. I was able to learn in and from the mountains, as well as from superiors and comrades. Later, I was also able to teach, both in summer and winter.\u00a0<\/p><p>Exercise and deployment from the North Cape to Central and Southeastern Europe to Afghanistan have matured me as a person, instructor, supervisor and leader.\u00a0<\/p><p>In addition to the active military sevice, I remained connected to sports. So I like to move on cross-country or touring skis and support young biathletes voluntarily on their way. I haven't completely forgotten how to ride a bike and today I prefer to ride my cross bike and explore new areas.\u00a0<\/p><p>The third and most important pillar is my friends and family, which gives me support and drive.\u00a0<\/p>\t\t\t\t\t\t<\/div>\n\t\t\t\t<\/div>\n\t\t\t\t\t<\/div>\n\t\t<\/div>\n\t\t\t\t<div class=\"elementor-column elementor-col-33 elementor-top-column elementor-element elementor-element-48302f7\" data-id=\"48302f7\" data-element_type=\"column\">\n\t\t\t<div class=\"elementor-widget-wrap\">\n\t\t\t\t\t\t\t<\/div>\n\t\t<\/div>\n\t\t\t\t<div class=\"elementor-column elementor-col-33 elementor-top-column elementor-element elementor-element-335619ed\" data-id=\"335619ed\" data-element_type=\"column\">\n\t\t\t<div class=\"elementor-widget-wrap elementor-element-populated\">\n\t\t\t\t\t\t<div class=\"elementor-element elementor-element-9c69bdb elementor-widget elementor-widget-image-carousel\" data-id=\"9c69bdb\" data-element_type=\"widget\" data-settings=\"{&quot;slides_to_show&quot;:&quot;1&quot;,&quot;navigation&quot;:&quot;none&quot;,&quot;effect&quot;:&quot;fade&quot;,&quot;autoplay_speed&quot;:2500,&quot;speed&quot;:1500,&quot;autoplay&quot;:&quot;yes&quot;,&quot;pause_on_hover&quot;:&quot;yes&quot;,&quot;pause_on_interaction&quot;:&quot;yes&quot;,&quot;infinite&quot;:&quot;yes&quot;}\" data-widget_type=\"image-carousel.default\">\n\t\t\t\t<div class=\"elementor-widget-container\">\n\t\t\t\t\t<div class=\"elementor-image-carousel-wrapper swiper\" dir=\"ltr\">\n\t\t\t<div class=\"elementor-image-carousel swiper-wrapper\" aria-live=\"off\">\n\t\t\t\t\t\t\t\t<div class=\"swiper-slide\" role=\"group\" aria-roledescription=\"slide\" aria-label=\"1 of 19\"><figure class=\"swiper-slide-inner\"><img decoding=\"async\" class=\"swiper-slide-image\" src=\"https:\/\/acts-he.de\/wp-content\/uploads\/2018\/11\/2011-08-01-11.22.53-300x225.jpg\" alt=\"SAMSUNG\" \/><\/figure><\/div><div class=\"swiper-slide\" role=\"group\" aria-roledescription=\"slide\" aria-label=\"2 of 19\"><figure class=\"swiper-slide-inner\"><img decoding=\"async\" class=\"swiper-slide-image\" src=\"https:\/\/acts-he.de\/wp-content\/uploads\/2018\/11\/DSC_0437-201x300.jpg\" alt=\"DSC_0437.JPG\" \/><\/figure><\/div><div class=\"swiper-slide\" role=\"group\" aria-roledescription=\"slide\" aria-label=\"3 of 19\"><figure class=\"swiper-slide-inner\"><img decoding=\"async\" class=\"swiper-slide-image\" src=\"https:\/\/acts-he.de\/wp-content\/uploads\/2018\/11\/Download-1.jpg\" alt=\"Download (1)\" \/><\/figure><\/div><div class=\"swiper-slide\" role=\"group\" aria-roledescription=\"slide\" aria-label=\"4 of 19\"><figure class=\"swiper-slide-inner\"><img decoding=\"async\" class=\"swiper-slide-image\" src=\"https:\/\/acts-he.de\/wp-content\/uploads\/2018\/11\/PICT0025-291x300.jpg\" alt=\"DIGITAL CAMERA\" \/><\/figure><\/div><div class=\"swiper-slide\" role=\"group\" aria-roledescription=\"slide\" aria-label=\"5 of 19\"><figure class=\"swiper-slide-inner\"><img decoding=\"async\" class=\"swiper-slide-image\" src=\"https:\/\/acts-he.de\/wp-content\/uploads\/2018\/11\/15022010388-300x225.jpg\" alt=\"15022010388.jpg\" \/><\/figure><\/div><div class=\"swiper-slide\" role=\"group\" aria-roledescription=\"slide\" aria-label=\"6 of 19\"><figure class=\"swiper-slide-inner\"><img decoding=\"async\" class=\"swiper-slide-image\" src=\"https:\/\/acts-he.de\/wp-content\/uploads\/2018\/11\/PICT0022-225x300.jpg\" alt=\"DIGITAL CAMERA\" \/><\/figure><\/div><div class=\"swiper-slide\" role=\"group\" aria-roledescription=\"slide\" aria-label=\"7 of 19\"><figure class=\"swiper-slide-inner\"><img decoding=\"async\" class=\"swiper-slide-image\" src=\"https:\/\/acts-he.de\/wp-content\/uploads\/2018\/11\/DSCF2217-300x190.jpg\" alt=\"DSCF2217\" \/><\/figure><\/div><div class=\"swiper-slide\" role=\"group\" aria-roledescription=\"slide\" aria-label=\"8 of 19\"><figure class=\"swiper-slide-inner\"><img decoding=\"async\" class=\"swiper-slide-image\" src=\"https:\/\/acts-he.de\/wp-content\/uploads\/2018\/11\/IMG_0991-224x300.jpg\" alt=\"IMG_0991\" \/><\/figure><\/div><div class=\"swiper-slide\" role=\"group\" aria-roledescription=\"slide\" aria-label=\"9 of 19\"><figure class=\"swiper-slide-inner\"><img decoding=\"async\" class=\"swiper-slide-image\" src=\"https:\/\/acts-he.de\/wp-content\/uploads\/2018\/11\/DSC_0191-300x201.jpg\" alt=\"DSC_0191\" \/><\/figure><\/div><div class=\"swiper-slide\" role=\"group\" aria-roledescription=\"slide\" aria-label=\"10 of 19\"><figure class=\"swiper-slide-inner\"><img decoding=\"async\" class=\"swiper-slide-image\" src=\"https:\/\/acts-he.de\/wp-content\/uploads\/2018\/11\/dusty-shooting-300x200.jpg\" alt=\"dusty shooting\" \/><\/figure><\/div><div class=\"swiper-slide\" role=\"group\" aria-roledescription=\"slide\" aria-label=\"11 of 19\"><figure class=\"swiper-slide-inner\"><img decoding=\"async\" class=\"swiper-slide-image\" src=\"https:\/\/acts-he.de\/wp-content\/uploads\/2018\/11\/IMG_1779-225x300.jpg\" alt=\"IMG_1779\" \/><\/figure><\/div><div class=\"swiper-slide\" role=\"group\" aria-roledescription=\"slide\" aria-label=\"12 of 19\"><figure class=\"swiper-slide-inner\"><img decoding=\"async\" class=\"swiper-slide-image\" src=\"https:\/\/acts-he.de\/wp-content\/uploads\/2018\/11\/IMG_1288-225x300.jpg\" alt=\"IMG_1288\" \/><\/figure><\/div><div class=\"swiper-slide\" role=\"group\" aria-roledescription=\"slide\" aria-label=\"13 of 19\"><figure class=\"swiper-slide-inner\"><img decoding=\"async\" class=\"swiper-slide-image\" src=\"https:\/\/acts-he.de\/wp-content\/uploads\/2018\/11\/013-225x300.jpg\" alt=\"OLYMPUS DIGITAL CAMERA\" \/><\/figure><\/div><div class=\"swiper-slide\" role=\"group\" aria-roledescription=\"slide\" aria-label=\"14 of 19\"><figure class=\"swiper-slide-inner\"><img decoding=\"async\" class=\"swiper-slide-image\" src=\"https:\/\/acts-he.de\/wp-content\/uploads\/2018\/11\/IMG_0617-2-300x134.jpg\" alt=\"IMG_0617 - Arbeitskopie 10\" \/><\/figure><\/div><div class=\"swiper-slide\" role=\"group\" aria-roledescription=\"slide\" aria-label=\"15 of 19\"><figure class=\"swiper-slide-inner\"><img decoding=\"async\" class=\"swiper-slide-image\" src=\"https:\/\/acts-he.de\/wp-content\/uploads\/2018\/02\/DSCF3049-1-300x156.jpg\" alt=\"DSCF3049 - Arbeitskopie 3 \u2013 Version 4\" \/><\/figure><\/div><div class=\"swiper-slide\" role=\"group\" aria-roledescription=\"slide\" aria-label=\"16 of 19\"><figure class=\"swiper-slide-inner\"><img decoding=\"async\" class=\"swiper-slide-image\" src=\"https:\/\/acts-he.de\/wp-content\/uploads\/2018\/12\/24.03.2016-300x173.jpg\" alt=\"24.03.2016\" \/><\/figure><\/div><div class=\"swiper-slide\" role=\"group\" aria-roledescription=\"slide\" aria-label=\"17 of 19\"><figure class=\"swiper-slide-inner\"><img decoding=\"async\" class=\"swiper-slide-image\" src=\"https:\/\/acts-he.de\/wp-content\/uploads\/2018\/02\/PICT0061-225x300.jpg\" alt=\"DIGITAL CAMERA\" \/><\/figure><\/div><div class=\"swiper-slide\" role=\"group\" aria-roledescription=\"slide\" aria-label=\"18 of 19\"><figure class=\"swiper-slide-inner\"><img decoding=\"async\" class=\"swiper-slide-image\" src=\"https:\/\/acts-he.de\/wp-content\/uploads\/2018\/02\/DSCF3086-227x300.jpg\" alt=\"DSCF3086 - Arbeitskopie 2\" \/><\/figure><\/div><div class=\"swiper-slide\" role=\"group\" aria-roledescription=\"slide\" aria-label=\"19 of 19\"><figure class=\"swiper-slide-inner\"><img decoding=\"async\" class=\"swiper-slide-image\" src=\"https:\/\/acts-he.de\/wp-content\/uploads\/2018\/02\/IMG_6967_3_2-300x188.jpg\" alt=\"IMG_6967 Kopie Kopie\" \/><\/figure><\/div>\t\t\t<\/div>\n\t\t\t\t\t\t\t\n\t\t\t\t\t\t\t\t\t<\/div>\n\t\t\t\t<\/div>\n\t\t\t\t<\/div>\n\t\t\t\t\t<\/div>\n\t\t<\/div>\n\t\t\t\t\t<\/div>\n\t\t<\/section>\n\t\t\t\t<section class=\"elementor-section elementor-top-section elementor-element elementor-element-789bc74 elementor-section-height-min-height elementor-section-boxed elementor-section-height-default elementor-section-items-middle\" data-id=\"789bc74\" data-element_type=\"section\" data-settings=\"{&quot;background_background&quot;:&quot;classic&quot;,&quot;shape_divider_top&quot;:&quot;tilt&quot;}\">\n\t\t\t\t\t\t\t<div class=\"elementor-background-overlay\"><\/div>\n\t\t\t\t\t\t<div class=\"elementor-shape elementor-shape-top\" data-negative=\"false\">\n\t\t\t<svg xmlns=\"http:\/\/www.w3.org\/2000\/svg\" viewbox=\"0 0 1000 100\" preserveaspectratio=\"none\">\n\t<path class=\"elementor-shape-fill\" d=\"M0,6V0h1000v100L0,6z\"\/>\n<\/svg>\t\t<\/div>\n\t\t\t\t\t<div class=\"elementor-container elementor-column-gap-default\">\n\t\t\t\t\t<div class=\"elementor-column elementor-col-100 elementor-top-column elementor-element elementor-element-7effa56\" data-id=\"7effa56\" data-element_type=\"column\">\n\t\t\t<div class=\"elementor-widget-wrap\">\n\t\t\t\t\t\t\t<\/div>\n\t\t<\/div>\n\t\t\t\t\t<\/div>\n\t\t<\/section>\n\t\t\t\t<\/div>","protected":false},"excerpt":{"rendered":"<p>Entscheidend gepr\u00e4gt haben mich sicher verschiedene Ausbildungen und Verwendungen als Gebirgsj\u00e4ger in bisher 30 Dienstjahren. Dabei durfte ich im und vom Gebirge, wie auch von Vorgesetzten und Kameraden lernen. Sp\u00e4ter auch lehren und das sowohl im Sommer als auch im Winter.\u00a0 \u00dcbung und Einsatz vom Nordkapp \u00fcber Mittel- und S\u00fcdosteuropa bis hin nach Afghanistan haben [&hellip;]<\/p>","protected":false},"author":2,"featured_media":0,"parent":0,"menu_order":0,"comment_status":"closed","ping_status":"closed","template":"elementor_header_footer","meta":{"footnotes":""},"class_list":["post-702","page","type-page","status-publish","hentry"],"yoast_head":"<!-- This site is optimized with the Yoast SEO plugin v23.8 - https:\/\/yoast.com\/wordpress\/plugins\/seo\/ -->\n<title>\u00dcBER MICH - ACTS-HE<\/title>\n<meta name=\"robots\" content=\"index, follow, max-snippet:-1, max-image-preview:large, max-video-preview:-1\" \/>\n<link rel=\"canonical\" href=\"https:\/\/acts-he.de\/en\/?page_id=702\" \/>\n<meta property=\"og:locale\" content=\"en_US\" \/>\n<meta property=\"og:type\" content=\"article\" \/>\n<meta property=\"og:title\" content=\"\u00dcBER MICH - ACTS-HE\" \/>\n<meta property=\"og:description\" content=\"Entscheidend gepr\u00e4gt haben mich sicher verschiedene Ausbildungen und Verwendungen als Gebirgsj\u00e4ger in bisher 30 Dienstjahren. Dabei durfte ich im und vom Gebirge, wie auch von Vorgesetzten und Kameraden lernen. Sp\u00e4ter auch lehren und das sowohl im Sommer als auch im Winter.\u00a0 \u00dcbung und Einsatz vom Nordkapp \u00fcber Mittel- und S\u00fcdosteuropa bis hin nach Afghanistan haben [&hellip;]\" \/>\n<meta property=\"og:url\" content=\"https:\/\/acts-he.de\/en\/?page_id=702\" \/>\n<meta property=\"og:site_name\" content=\"ACTS-HE\" \/>\n<meta property=\"article:modified_time\" content=\"2022-01-01T13:20:01+00:00\" \/>\n<meta property=\"og:image\" content=\"https:\/\/acts-he.de\/wp-content\/uploads\/2018\/11\/2011-08-01-11.22.53-300x225.jpg\" \/>\n<meta name=\"twitter:card\" content=\"summary_large_image\" \/>\n<meta name=\"twitter:label1\" content=\"Est. reading time\" \/>\n\t<meta name=\"twitter:data1\" content=\"5 minutes\" \/>\n<script type=\"application\/ld+json\" class=\"yoast-schema-graph\">{\"@context\":\"https:\/\/schema.org\",\"@graph\":[{\"@type\":\"WebPage\",\"@id\":\"https:\/\/acts-he.de\/?page_id=702\",\"url\":\"https:\/\/acts-he.de\/?page_id=702\",\"name\":\"\u00dcBER MICH - ACTS-HE\",\"isPartOf\":{\"@id\":\"https:\/\/acts-he.de\/#website\"},\"primaryImageOfPage\":{\"@id\":\"https:\/\/acts-he.de\/?page_id=702#primaryimage\"},\"image\":{\"@id\":\"https:\/\/acts-he.de\/?page_id=702#primaryimage\"},\"thumbnailUrl\":\"https:\/\/acts-he.de\/wp-content\/uploads\/2018\/11\/2011-08-01-11.22.53-300x225.jpg\",\"datePublished\":\"2018-05-10T10:54:44+00:00\",\"dateModified\":\"2022-01-01T13:20:01+00:00\",\"breadcrumb\":{\"@id\":\"https:\/\/acts-he.de\/?page_id=702#breadcrumb\"},\"inLanguage\":\"en-US\",\"potentialAction\":[{\"@type\":\"ReadAction\",\"target\":[\"https:\/\/acts-he.de\/?page_id=702\"]}]},{\"@type\":\"ImageObject\",\"inLanguage\":\"en-US\",\"@id\":\"https:\/\/acts-he.de\/?page_id=702#primaryimage\",\"url\":\"https:\/\/acts-he.de\/wp-content\/uploads\/2018\/11\/2011-08-01-11.22.53-300x225.jpg\",\"contentUrl\":\"https:\/\/acts-he.de\/wp-content\/uploads\/2018\/11\/2011-08-01-11.22.53-300x225.jpg\"},{\"@type\":\"BreadcrumbList\",\"@id\":\"https:\/\/acts-he.de\/?page_id=702#breadcrumb\",\"itemListElement\":[{\"@type\":\"ListItem\",\"position\":1,\"name\":\"Startseite\",\"item\":\"https:\/\/acts-he.de\/\"},{\"@type\":\"ListItem\",\"position\":2,\"name\":\"\u00dcBER MICH\"}]},{\"@type\":\"WebSite\",\"@id\":\"https:\/\/acts-he.de\/#website\",\"url\":\"https:\/\/acts-he.de\/\",\"name\":\"ACTS-HE\",\"description\":\"\",\"potentialAction\":[{\"@type\":\"SearchAction\",\"target\":{\"@type\":\"EntryPoint\",\"urlTemplate\":\"https:\/\/acts-he.de\/?s={search_term_string}\"},\"query-input\":{\"@type\":\"PropertyValueSpecification\",\"valueRequired\":true,\"valueName\":\"search_term_string\"}}],\"inLanguage\":\"en-US\"}]}<\/script>\n<!-- \/ Yoast SEO plugin. -->","yoast_head_json":{"title":"\u00dcBER MICH - ACTS-HE","robots":{"index":"index","follow":"follow","max-snippet":"max-snippet:-1","max-image-preview":"max-image-preview:large","max-video-preview":"max-video-preview:-1"},"canonical":"https:\/\/acts-he.de\/en\/?page_id=702","og_locale":"en_US","og_type":"article","og_title":"\u00dcBER MICH - ACTS-HE","og_description":"Entscheidend gepr\u00e4gt haben mich sicher verschiedene Ausbildungen und Verwendungen als Gebirgsj\u00e4ger in bisher 30 Dienstjahren. Dabei durfte ich im und vom Gebirge, wie auch von Vorgesetzten und Kameraden lernen. Sp\u00e4ter auch lehren und das sowohl im Sommer als auch im Winter.\u00a0 \u00dcbung und Einsatz vom Nordkapp \u00fcber Mittel- und S\u00fcdosteuropa bis hin nach Afghanistan haben [&hellip;]","og_url":"https:\/\/acts-he.de\/en\/?page_id=702","og_site_name":"ACTS-HE","article_modified_time":"2022-01-01T13:20:01+00:00","og_image":[{"url":"https:\/\/acts-he.de\/wp-content\/uploads\/2018\/11\/2011-08-01-11.22.53-300x225.jpg"}],"twitter_card":"summary_large_image","twitter_misc":{"Est. reading time":"5 minutes"},"schema":{"@context":"https:\/\/schema.org","@graph":[{"@type":"WebPage","@id":"https:\/\/acts-he.de\/?page_id=702","url":"https:\/\/acts-he.de\/?page_id=702","name":"\u00dcBER MICH - ACTS-HE","isPartOf":{"@id":"https:\/\/acts-he.de\/#website"},"primaryImageOfPage":{"@id":"https:\/\/acts-he.de\/?page_id=702#primaryimage"},"image":{"@id":"https:\/\/acts-he.de\/?page_id=702#primaryimage"},"thumbnailUrl":"https:\/\/acts-he.de\/wp-content\/uploads\/2018\/11\/2011-08-01-11.22.53-300x225.jpg","datePublished":"2018-05-10T10:54:44+00:00","dateModified":"2022-01-01T13:20:01+00:00","breadcrumb":{"@id":"https:\/\/acts-he.de\/?page_id=702#breadcrumb"},"inLanguage":"en-US","potentialAction":[{"@type":"ReadAction","target":["https:\/\/acts-he.de\/?page_id=702"]}]},{"@type":"ImageObject","inLanguage":"en-US","@id":"https:\/\/acts-he.de\/?page_id=702#primaryimage","url":"https:\/\/acts-he.de\/wp-content\/uploads\/2018\/11\/2011-08-01-11.22.53-300x225.jpg","contentUrl":"https:\/\/acts-he.de\/wp-content\/uploads\/2018\/11\/2011-08-01-11.22.53-300x225.jpg"},{"@type":"BreadcrumbList","@id":"https:\/\/acts-he.de\/?page_id=702#breadcrumb","itemListElement":[{"@type":"ListItem","position":1,"name":"Startseite","item":"https:\/\/acts-he.de\/"},{"@type":"ListItem","position":2,"name":"\u00dcBER MICH"}]},{"@type":"WebSite","@id":"https:\/\/acts-he.de\/#website","url":"https:\/\/acts-he.de\/","name":"ACTS-HE","description":"","potentialAction":[{"@type":"SearchAction","target":{"@type":"EntryPoint","urlTemplate":"https:\/\/acts-he.de\/?s={search_term_string}"},"query-input":{"@type":"PropertyValueSpecification","valueRequired":true,"valueName":"search_term_string"}}],"inLanguage":"en-US"}]}},"_links":{"self":[{"href":"https:\/\/acts-he.de\/en\/index.php?rest_route=\/wp\/v2\/pages\/702","targetHints":{"allow":["GET"]}}],"collection":[{"href":"https:\/\/acts-he.de\/en\/index.php?rest_route=\/wp\/v2\/pages"}],"about":[{"href":"https:\/\/acts-he.de\/en\/index.php?rest_route=\/wp\/v2\/types\/page"}],"author":[{"embeddable":true,"href":"https:\/\/acts-he.de\/en\/index.php?rest_route=\/wp\/v2\/users\/2"}],"replies":[{"embeddable":true,"href":"https:\/\/acts-he.de\/en\/index.php?rest_route=%2Fwp%2Fv2%2Fcomments&post=702"}],"version-history":[{"count":83,"href":"https:\/\/acts-he.de\/en\/index.php?rest_route=\/wp\/v2\/pages\/702\/revisions"}],"predecessor-version":[{"id":3871,"href":"https:\/\/acts-he.de\/en\/index.php?rest_route=\/wp\/v2\/pages\/702\/revisions\/3871"}],"wp:attachment":[{"href":"https:\/\/acts-he.de\/en\/index.php?rest_route=%2Fwp%2Fv2%2Fmedia&parent=702"}],"curies":[{"name":"wp","href":"https:\/\/api.w.org\/{rel}","templated":true}]}}