{"id":15,"date":"2017-09-27T17:01:52","date_gmt":"2017-09-27T17:01:52","guid":{"rendered":"https:\/\/www.spiraclethemes.com\/wordpress-themes\/krystal\/demo1\/?page_id=15"},"modified":"2021-01-18T17:37:10","modified_gmt":"2021-01-18T16:37:10","slug":"home-2","status":"publish","type":"page","link":"https:\/\/acts-he.de\/","title":{"rendered":"Home"},"content":{"rendered":"\t\t<div data-elementor-type=\"wp-page\" data-elementor-id=\"15\" class=\"elementor elementor-15\" data-elementor-post-type=\"page\">\n\t\t\t\t\t\t<section class=\"elementor-section elementor-top-section elementor-element elementor-element-091ff70 elementor-section-content-middle elementor-section-height-min-height elementor-section-boxed elementor-section-height-default elementor-section-items-middle\" data-id=\"091ff70\" data-element_type=\"section\" data-settings=\"{&quot;background_background&quot;:&quot;classic&quot;,&quot;shape_divider_bottom&quot;:&quot;tilt&quot;}\">\n\t\t\t\t\t\t\t<div class=\"elementor-background-overlay\"><\/div>\n\t\t\t\t\t\t<div class=\"elementor-shape elementor-shape-bottom\" data-negative=\"false\">\n\t\t\t<svg xmlns=\"http:\/\/www.w3.org\/2000\/svg\" viewBox=\"0 0 1000 100\" preserveAspectRatio=\"none\">\n\t<path class=\"elementor-shape-fill\" d=\"M0,6V0h1000v100L0,6z\"\/>\n<\/svg>\t\t<\/div>\n\t\t\t\t\t<div class=\"elementor-container elementor-column-gap-no\">\n\t\t\t\t\t<div class=\"elementor-column elementor-col-100 elementor-top-column elementor-element elementor-element-2a4b959\" data-id=\"2a4b959\" data-element_type=\"column\">\n\t\t\t<div class=\"elementor-widget-wrap elementor-element-populated\">\n\t\t\t\t\t\t<div class=\"elementor-element elementor-element-563a17e elementor-widget elementor-widget-heading\" data-id=\"563a17e\" data-element_type=\"widget\" data-widget_type=\"heading.default\">\n\t\t\t\t<div class=\"elementor-widget-container\">\n\t\t\t<h2 class=\"elementor-heading-title elementor-size-default\">Willkommen bei ACTS - HE <\/h2>\t\t<\/div>\n\t\t\t\t<\/div>\n\t\t\t\t<div class=\"elementor-element elementor-element-e14b073 elementor-widget elementor-widget-spacer\" data-id=\"e14b073\" data-element_type=\"widget\" data-widget_type=\"spacer.default\">\n\t\t\t\t<div class=\"elementor-widget-container\">\n\t\t\t\t\t<div class=\"elementor-spacer\">\n\t\t\t<div class=\"elementor-spacer-inner\"><\/div>\n\t\t<\/div>\n\t\t\t\t<\/div>\n\t\t\t\t<\/div>\n\t\t\t\t<div class=\"elementor-element elementor-element-fb55ef9 elementor-widget elementor-widget-text-editor\" data-id=\"fb55ef9\" data-element_type=\"widget\" data-widget_type=\"text-editor.default\">\n\t\t\t\t<div class=\"elementor-widget-container\">\n\t\t\t\t\t\t\t<p style=\"text-align: center;\"><strong>A<\/strong>nalysis\u00a0<strong>C<\/strong>onsulting <strong>T<\/strong>raining <strong>S<\/strong>ustainability &#8211; <strong>H<\/strong>endrik <strong>E<\/strong>ngelhardt<\/p>\t\t\t\t\t\t<\/div>\n\t\t\t\t<\/div>\n\t\t\t\t\t<\/div>\n\t\t<\/div>\n\t\t\t\t\t<\/div>\n\t\t<\/section>\n\t\t\t\t<section class=\"elementor-section elementor-top-section elementor-element elementor-element-9c7dd56 elementor-section-boxed elementor-section-height-default elementor-section-height-default\" data-id=\"9c7dd56\" data-element_type=\"section\" data-settings=\"{&quot;background_background&quot;:&quot;classic&quot;}\">\n\t\t\t\t\t\t<div class=\"elementor-container elementor-column-gap-default\">\n\t\t\t\t\t<div class=\"elementor-column elementor-col-33 elementor-top-column elementor-element elementor-element-40772ce\" data-id=\"40772ce\" data-element_type=\"column\">\n\t\t\t<div class=\"elementor-widget-wrap elementor-element-populated\">\n\t\t\t\t\t\t<div class=\"elementor-element elementor-element-24ef72f elementor-widget elementor-widget-text-editor\" data-id=\"24ef72f\" data-element_type=\"widget\" data-widget_type=\"text-editor.default\">\n\t\t\t\t<div class=\"elementor-widget-container\">\n\t\t\t\t\t\t\t<p>Hier finden Sie<\/p><ul><li style=\"text-align: left;\">Ausbildung,\u00a0<\/li><li style=\"text-align: left;\">Training und<\/li><li style=\"text-align: left;\">Beratung<\/li><\/ul><p>f\u00fcr\u00a0<\/p><ul><li>Sch\u00fctzen,\u00a0<\/li><li>Sportler und\u00a0<\/li><li>Firmen<\/li><\/ul><p>gem\u00e4\u00df Ihren individuellen Bed\u00fcrfnissen.\u00a0<\/p><p>Mein Angebot st\u00fctzt sich auf verschiedene Qualifikationen sowohl aus dem\u00a0dienstlichen\/beh\u00f6rdlichen\/milit\u00e4rischen, als auch aus dem\u00a0sportlichen Bereich.<\/p><p>Best\u00e4ndige Fort- und Weiterbildung stehen dabei f\u00fcr Zukunftsf\u00e4higkeit.\u00a0\u00a0<\/p>\t\t\t\t\t\t<\/div>\n\t\t\t\t<\/div>\n\t\t\t\t\t<\/div>\n\t\t<\/div>\n\t\t\t\t<div class=\"elementor-column elementor-col-33 elementor-top-column elementor-element elementor-element-b69325e\" data-id=\"b69325e\" data-element_type=\"column\">\n\t\t\t<div class=\"elementor-widget-wrap\">\n\t\t\t\t\t\t\t<\/div>\n\t\t<\/div>\n\t\t\t\t<div class=\"elementor-column elementor-col-33 elementor-top-column elementor-element elementor-element-72e3484\" data-id=\"72e3484\" data-element_type=\"column\">\n\t\t\t<div class=\"elementor-widget-wrap elementor-element-populated\">\n\t\t\t\t\t\t<div class=\"elementor-element elementor-element-63985ab elementor-widget elementor-widget-image\" data-id=\"63985ab\" data-element_type=\"widget\" data-widget_type=\"image.default\">\n\t\t\t\t<div class=\"elementor-widget-container\">\n\t\t\t\t\t\t\t\t\t\t\t\t\t<img fetchpriority=\"high\" decoding=\"async\" width=\"225\" height=\"300\" src=\"https:\/\/acts-he.de\/wp-content\/uploads\/2018\/11\/IMG_1288-225x300.jpg\" class=\"attachment-medium size-medium wp-image-1509\" alt=\"\" srcset=\"https:\/\/acts-he.de\/wp-content\/uploads\/2018\/11\/IMG_1288-225x300.jpg 225w, https:\/\/acts-he.de\/wp-content\/uploads\/2018\/11\/IMG_1288-600x800.jpg 600w, https:\/\/acts-he.de\/wp-content\/uploads\/2018\/11\/IMG_1288-768x1024.jpg 768w, https:\/\/acts-he.de\/wp-content\/uploads\/2018\/11\/IMG_1288.jpg 960w\" sizes=\"(max-width: 225px) 100vw, 225px\" \/>\t\t\t\t\t\t\t\t\t\t\t\t\t<\/div>\n\t\t\t\t<\/div>\n\t\t\t\t\t<\/div>\n\t\t<\/div>\n\t\t\t\t\t<\/div>\n\t\t<\/section>\n\t\t\t\t<section class=\"elementor-section elementor-top-section elementor-element elementor-element-d0015bc elementor-section-boxed elementor-section-height-default elementor-section-height-default\" data-id=\"d0015bc\" data-element_type=\"section\" data-settings=\"{&quot;background_background&quot;:&quot;classic&quot;}\">\n\t\t\t\t\t\t<div class=\"elementor-container elementor-column-gap-default\">\n\t\t\t\t\t<div class=\"elementor-column elementor-col-100 elementor-top-column elementor-element elementor-element-2fe87e8\" data-id=\"2fe87e8\" data-element_type=\"column\">\n\t\t\t<div class=\"elementor-widget-wrap elementor-element-populated\">\n\t\t\t\t\t\t<div class=\"elementor-element elementor-element-4b184d9 elementor-widget elementor-widget-heading\" data-id=\"4b184d9\" data-element_type=\"widget\" data-widget_type=\"heading.default\">\n\t\t\t\t<div class=\"elementor-widget-container\">\n\t\t\t<h2 class=\"elementor-heading-title elementor-size-default\"><b>L<\/b>etzte <b>B<\/b>logeintr\u00e4ge<\/h2>\t\t<\/div>\n\t\t\t\t<\/div>\n\t\t\t\t<div class=\"elementor-element elementor-element-2705aba elementor-grid-tablet-3 elementor-grid-3 elementor-grid-mobile-1 elementor-widget elementor-widget-portfolio\" data-id=\"2705aba\" data-element_type=\"widget\" data-settings=\"{&quot;row_gap&quot;:{&quot;unit&quot;:&quot;px&quot;,&quot;size&quot;:24,&quot;sizes&quot;:[]},&quot;item_ratio&quot;:{&quot;unit&quot;:&quot;px&quot;,&quot;size&quot;:0.55,&quot;sizes&quot;:[]},&quot;columns_tablet&quot;:&quot;3&quot;,&quot;columns&quot;:&quot;3&quot;,&quot;columns_mobile&quot;:&quot;1&quot;,&quot;item_gap&quot;:{&quot;unit&quot;:&quot;px&quot;,&quot;size&quot;:&quot;&quot;,&quot;sizes&quot;:[]}}\" data-widget_type=\"portfolio.default\">\n\t\t\t\t<div class=\"elementor-widget-container\">\n\t\t\t\t\t<div class=\"elementor-portfolio elementor-grid elementor-posts-container\">\n\t\t\t\t<article class=\"elementor-portfolio-item elementor-post  post-5200 post type-post status-publish format-standard has-post-thumbnail hentry category-behoerden category-sport category-uncategorized\">\n\t\t\t<a class=\"elementor-post__thumbnail__link\" href=\"https:\/\/acts-he.de\/?p=5200\">\n\t\t\t\t<div class=\"elementor-portfolio-item__img elementor-post__thumbnail\">\n\t\t\t<img decoding=\"async\" width=\"768\" height=\"1024\" src=\"https:\/\/acts-he.de\/wp-content\/uploads\/2024\/11\/IMG_5981-1-768x1024.jpeg\" class=\"attachment-medium_large size-medium_large wp-image-5251\" alt=\"\" srcset=\"https:\/\/acts-he.de\/wp-content\/uploads\/2024\/11\/IMG_5981-1-768x1024.jpeg 768w, https:\/\/acts-he.de\/wp-content\/uploads\/2024\/11\/IMG_5981-1-225x300.jpeg 225w, https:\/\/acts-he.de\/wp-content\/uploads\/2024\/11\/IMG_5981-1-1152x1536.jpeg 1152w, https:\/\/acts-he.de\/wp-content\/uploads\/2024\/11\/IMG_5981-1-1536x2048.jpeg 1536w, https:\/\/acts-he.de\/wp-content\/uploads\/2024\/11\/IMG_5981-1-9x12.jpeg 9w, https:\/\/acts-he.de\/wp-content\/uploads\/2024\/11\/IMG_5981-1-scaled.jpeg 1920w\" sizes=\"(max-width: 768px) 100vw, 768px\" \/>\t\t<\/div>\n\t\t\t\t<div class=\"elementor-portfolio-item__overlay\">\n\t\t\t\t<h3 class=\"elementor-portfolio-item__title\">\n\t\tVon Meistern f\u00fcr Sieger\t\t<\/h3>\n\t\t\t\t<\/div>\n\t\t\t\t<\/a>\n\t\t<\/article>\n\t\t\t\t<article class=\"elementor-portfolio-item elementor-post  post-5108 post type-post status-publish format-standard has-post-thumbnail hentry category-behoerden category-sport category-uncategorized\">\n\t\t\t<a class=\"elementor-post__thumbnail__link\" href=\"https:\/\/acts-he.de\/?p=5108\">\n\t\t\t\t<div class=\"elementor-portfolio-item__img elementor-post__thumbnail\">\n\t\t\t<img decoding=\"async\" width=\"768\" height=\"576\" src=\"https:\/\/acts-he.de\/wp-content\/uploads\/2024\/11\/IMG_5669-768x576.jpeg\" class=\"attachment-medium_large size-medium_large wp-image-5144\" alt=\"\" srcset=\"https:\/\/acts-he.de\/wp-content\/uploads\/2024\/11\/IMG_5669-768x576.jpeg 768w, https:\/\/acts-he.de\/wp-content\/uploads\/2024\/11\/IMG_5669-300x225.jpeg 300w, https:\/\/acts-he.de\/wp-content\/uploads\/2024\/11\/IMG_5669-1024x768.jpeg 1024w, https:\/\/acts-he.de\/wp-content\/uploads\/2024\/11\/IMG_5669-1536x1152.jpeg 1536w, https:\/\/acts-he.de\/wp-content\/uploads\/2024\/11\/IMG_5669-2048x1536.jpeg 2048w, https:\/\/acts-he.de\/wp-content\/uploads\/2024\/11\/IMG_5669-16x12.jpeg 16w\" sizes=\"(max-width: 768px) 100vw, 768px\" \/>\t\t<\/div>\n\t\t\t\t<div class=\"elementor-portfolio-item__overlay\">\n\t\t\t\t<h3 class=\"elementor-portfolio-item__title\">\n\t\t7th Annual Memorial 3 Gun Competition\t\t<\/h3>\n\t\t\t\t<\/div>\n\t\t\t\t<\/a>\n\t\t<\/article>\n\t\t\t\t<article class=\"elementor-portfolio-item elementor-post  post-5017 post type-post status-publish format-standard has-post-thumbnail hentry category-sport category-uncategorized\">\n\t\t\t<a class=\"elementor-post__thumbnail__link\" href=\"https:\/\/acts-he.de\/?p=5017\">\n\t\t\t\t<div class=\"elementor-portfolio-item__img elementor-post__thumbnail\">\n\t\t\t<img loading=\"lazy\" decoding=\"async\" width=\"768\" height=\"235\" src=\"https:\/\/acts-he.de\/wp-content\/uploads\/2022\/10\/gewehre-768x235.png\" class=\"attachment-medium_large size-medium_large wp-image-4051\" alt=\"\" srcset=\"https:\/\/acts-he.de\/wp-content\/uploads\/2022\/10\/gewehre-768x235.png 768w, https:\/\/acts-he.de\/wp-content\/uploads\/2022\/10\/gewehre-300x92.png 300w, https:\/\/acts-he.de\/wp-content\/uploads\/2022\/10\/gewehre-1024x313.png 1024w, https:\/\/acts-he.de\/wp-content\/uploads\/2022\/10\/gewehre-1536x470.png 1536w, https:\/\/acts-he.de\/wp-content\/uploads\/2022\/10\/gewehre-2048x626.png 2048w, https:\/\/acts-he.de\/wp-content\/uploads\/2022\/10\/gewehre-18x6.png 18w\" sizes=\"(max-width: 768px) 100vw, 768px\" \/>\t\t<\/div>\n\t\t\t\t<div class=\"elementor-portfolio-item__overlay\">\n\t\t\t\t<h3 class=\"elementor-portfolio-item__title\">\n\t\tSuhler Biathlongewehre &#8211; Neue Erkenntnisse I\t\t<\/h3>\n\t\t\t\t<\/div>\n\t\t\t\t<\/a>\n\t\t<\/article>\n\t\t\t\t<\/div>\n\t\t\t\t<\/div>\n\t\t\t\t<\/div>\n\t\t\t\t<div class=\"elementor-element elementor-element-63b1ced elementor-widget elementor-widget-spacer\" data-id=\"63b1ced\" data-element_type=\"widget\" data-widget_type=\"spacer.default\">\n\t\t\t\t<div class=\"elementor-widget-container\">\n\t\t\t\t\t<div class=\"elementor-spacer\">\n\t\t\t<div class=\"elementor-spacer-inner\"><\/div>\n\t\t<\/div>\n\t\t\t\t<\/div>\n\t\t\t\t<\/div>\n\t\t\t\t\t<\/div>\n\t\t<\/div>\n\t\t\t\t\t<\/div>\n\t\t<\/section>\n\t\t\t\t<section class=\"elementor-section elementor-top-section elementor-element elementor-element-e4aea2c elementor-section-height-min-height elementor-section-boxed elementor-section-height-default elementor-section-items-middle\" data-id=\"e4aea2c\" data-element_type=\"section\" data-settings=\"{&quot;background_background&quot;:&quot;classic&quot;,&quot;shape_divider_top&quot;:&quot;tilt&quot;}\">\n\t\t\t\t\t\t\t<div class=\"elementor-background-overlay\"><\/div>\n\t\t\t\t\t\t<div class=\"elementor-shape elementor-shape-top\" data-negative=\"false\">\n\t\t\t<svg xmlns=\"http:\/\/www.w3.org\/2000\/svg\" viewBox=\"0 0 1000 100\" preserveAspectRatio=\"none\">\n\t<path class=\"elementor-shape-fill\" d=\"M0,6V0h1000v100L0,6z\"\/>\n<\/svg>\t\t<\/div>\n\t\t\t\t\t<div class=\"elementor-container elementor-column-gap-default\">\n\t\t\t\t\t<div class=\"elementor-column elementor-col-100 elementor-top-column elementor-element elementor-element-7405aec\" data-id=\"7405aec\" data-element_type=\"column\">\n\t\t\t<div class=\"elementor-widget-wrap\">\n\t\t\t\t\t\t\t<\/div>\n\t\t<\/div>\n\t\t\t\t\t<\/div>\n\t\t<\/section>\n\t\t\t\t<\/div>\n\t\t","protected":false},"excerpt":{"rendered":"<p>Willkommen bei ACTS &#8211; HE Analysis\u00a0Consulting Training Sustainability &#8211; Hendrik Engelhardt Hier finden Sie Ausbildung,\u00a0 Training und Beratung f\u00fcr\u00a0 Sch\u00fctzen,\u00a0 Sportler und\u00a0 Firmen gem\u00e4\u00df Ihren individuellen Bed\u00fcrfnissen.\u00a0 Mein Angebot st\u00fctzt sich auf verschiedene Qualifikationen sowohl aus dem\u00a0dienstlichen\/beh\u00f6rdlichen\/milit\u00e4rischen, als auch aus dem\u00a0sportlichen Bereich. Best\u00e4ndige Fort- und Weiterbildung stehen dabei f\u00fcr Zukunftsf\u00e4higkeit.\u00a0\u00a0 Letzte Blogeintr\u00e4ge<\/p>\n","protected":false},"author":2,"featured_media":0,"parent":0,"menu_order":0,"comment_status":"closed","ping_status":"closed","template":"elementor_header_footer","meta":{"footnotes":""},"class_list":["post-15","page","type-page","status-publish","hentry"],"yoast_head":"<!-- This site is optimized with the Yoast SEO plugin v23.8 - https:\/\/yoast.com\/wordpress\/plugins\/seo\/ -->\n<title>Home - ACTS-HE<\/title>\n<meta name=\"description\" content=\"Analysis\/Analyse - Consulting\/Beratung - Training - Sustainability\/Nachhaltigkeit - Hendrik Engelhardt\" \/>\n<meta name=\"robots\" content=\"index, follow, max-snippet:-1, max-image-preview:large, max-video-preview:-1\" \/>\n<link rel=\"canonical\" href=\"https:\/\/acts-he.de\/\" \/>\n<meta property=\"og:locale\" content=\"de_DE\" \/>\n<meta property=\"og:type\" content=\"article\" \/>\n<meta property=\"og:title\" content=\"Home - ACTS-HE\" \/>\n<meta property=\"og:description\" content=\"Analysis\/Analyse - Consulting\/Beratung - Training - Sustainability\/Nachhaltigkeit - Hendrik Engelhardt\" \/>\n<meta property=\"og:url\" content=\"https:\/\/acts-he.de\/\" \/>\n<meta property=\"og:site_name\" content=\"ACTS-HE\" \/>\n<meta property=\"article:modified_time\" content=\"2021-01-18T16:37:10+00:00\" \/>\n<meta property=\"og:image\" content=\"https:\/\/acts-he.de\/wp-content\/uploads\/2018\/11\/IMG_1288-225x300.jpg\" \/>\n<meta name=\"twitter:card\" content=\"summary_large_image\" \/>\n<meta name=\"twitter:label1\" content=\"Gesch\u00e4tzte Lesezeit\" \/>\n\t<meta name=\"twitter:data1\" content=\"2\u00a0Minuten\" \/>\n<script type=\"application\/ld+json\" class=\"yoast-schema-graph\">{\"@context\":\"https:\/\/schema.org\",\"@graph\":[{\"@type\":\"WebPage\",\"@id\":\"https:\/\/acts-he.de\/\",\"url\":\"https:\/\/acts-he.de\/\",\"name\":\"Home - ACTS-HE\",\"isPartOf\":{\"@id\":\"https:\/\/acts-he.de\/#website\"},\"primaryImageOfPage\":{\"@id\":\"https:\/\/acts-he.de\/#primaryimage\"},\"image\":{\"@id\":\"https:\/\/acts-he.de\/#primaryimage\"},\"thumbnailUrl\":\"https:\/\/acts-he.de\/wp-content\/uploads\/2018\/11\/IMG_1288-225x300.jpg\",\"datePublished\":\"2017-09-27T17:01:52+00:00\",\"dateModified\":\"2021-01-18T16:37:10+00:00\",\"description\":\"Analysis\/Analyse - Consulting\/Beratung - Training - Sustainability\/Nachhaltigkeit - Hendrik Engelhardt\",\"breadcrumb\":{\"@id\":\"https:\/\/acts-he.de\/#breadcrumb\"},\"inLanguage\":\"de\",\"potentialAction\":[{\"@type\":\"ReadAction\",\"target\":[\"https:\/\/acts-he.de\/\"]}]},{\"@type\":\"ImageObject\",\"inLanguage\":\"de\",\"@id\":\"https:\/\/acts-he.de\/#primaryimage\",\"url\":\"https:\/\/acts-he.de\/wp-content\/uploads\/2018\/11\/IMG_1288.jpg\",\"contentUrl\":\"https:\/\/acts-he.de\/wp-content\/uploads\/2018\/11\/IMG_1288.jpg\",\"width\":960,\"height\":1280},{\"@type\":\"BreadcrumbList\",\"@id\":\"https:\/\/acts-he.de\/#breadcrumb\",\"itemListElement\":[{\"@type\":\"ListItem\",\"position\":1,\"name\":\"Startseite\",\"item\":\"https:\/\/acts-he.de\/\"},{\"@type\":\"ListItem\",\"position\":2,\"name\":\"Home\"}]},{\"@type\":\"WebSite\",\"@id\":\"https:\/\/acts-he.de\/#website\",\"url\":\"https:\/\/acts-he.de\/\",\"name\":\"ACTS-HE\",\"description\":\"\",\"potentialAction\":[{\"@type\":\"SearchAction\",\"target\":{\"@type\":\"EntryPoint\",\"urlTemplate\":\"https:\/\/acts-he.de\/?s={search_term_string}\"},\"query-input\":{\"@type\":\"PropertyValueSpecification\",\"valueRequired\":true,\"valueName\":\"search_term_string\"}}],\"inLanguage\":\"de\"}]}<\/script>\n<!-- \/ Yoast SEO plugin. -->","yoast_head_json":{"title":"Home - ACTS-HE","description":"Analysis\/Analyse - Consulting\/Beratung - Training - Sustainability\/Nachhaltigkeit - Hendrik Engelhardt","robots":{"index":"index","follow":"follow","max-snippet":"max-snippet:-1","max-image-preview":"max-image-preview:large","max-video-preview":"max-video-preview:-1"},"canonical":"https:\/\/acts-he.de\/","og_locale":"de_DE","og_type":"article","og_title":"Home - ACTS-HE","og_description":"Analysis\/Analyse - Consulting\/Beratung - Training - Sustainability\/Nachhaltigkeit - Hendrik Engelhardt","og_url":"https:\/\/acts-he.de\/","og_site_name":"ACTS-HE","article_modified_time":"2021-01-18T16:37:10+00:00","og_image":[{"url":"https:\/\/acts-he.de\/wp-content\/uploads\/2018\/11\/IMG_1288-225x300.jpg"}],"twitter_card":"summary_large_image","twitter_misc":{"Gesch\u00e4tzte Lesezeit":"2\u00a0Minuten"},"schema":{"@context":"https:\/\/schema.org","@graph":[{"@type":"WebPage","@id":"https:\/\/acts-he.de\/","url":"https:\/\/acts-he.de\/","name":"Home - ACTS-HE","isPartOf":{"@id":"https:\/\/acts-he.de\/#website"},"primaryImageOfPage":{"@id":"https:\/\/acts-he.de\/#primaryimage"},"image":{"@id":"https:\/\/acts-he.de\/#primaryimage"},"thumbnailUrl":"https:\/\/acts-he.de\/wp-content\/uploads\/2018\/11\/IMG_1288-225x300.jpg","datePublished":"2017-09-27T17:01:52+00:00","dateModified":"2021-01-18T16:37:10+00:00","description":"Analysis\/Analyse - Consulting\/Beratung - Training - Sustainability\/Nachhaltigkeit - Hendrik Engelhardt","breadcrumb":{"@id":"https:\/\/acts-he.de\/#breadcrumb"},"inLanguage":"de","potentialAction":[{"@type":"ReadAction","target":["https:\/\/acts-he.de\/"]}]},{"@type":"ImageObject","inLanguage":"de","@id":"https:\/\/acts-he.de\/#primaryimage","url":"https:\/\/acts-he.de\/wp-content\/uploads\/2018\/11\/IMG_1288.jpg","contentUrl":"https:\/\/acts-he.de\/wp-content\/uploads\/2018\/11\/IMG_1288.jpg","width":960,"height":1280},{"@type":"BreadcrumbList","@id":"https:\/\/acts-he.de\/#breadcrumb","itemListElement":[{"@type":"ListItem","position":1,"name":"Startseite","item":"https:\/\/acts-he.de\/"},{"@type":"ListItem","position":2,"name":"Home"}]},{"@type":"WebSite","@id":"https:\/\/acts-he.de\/#website","url":"https:\/\/acts-he.de\/","name":"ACTS-HE","description":"","potentialAction":[{"@type":"SearchAction","target":{"@type":"EntryPoint","urlTemplate":"https:\/\/acts-he.de\/?s={search_term_string}"},"query-input":{"@type":"PropertyValueSpecification","valueRequired":true,"valueName":"search_term_string"}}],"inLanguage":"de"}]}},"_links":{"self":[{"href":"https:\/\/acts-he.de\/index.php?rest_route=\/wp\/v2\/pages\/15","targetHints":{"allow":["GET"]}}],"collection":[{"href":"https:\/\/acts-he.de\/index.php?rest_route=\/wp\/v2\/pages"}],"about":[{"href":"https:\/\/acts-he.de\/index.php?rest_route=\/wp\/v2\/types\/page"}],"author":[{"embeddable":true,"href":"https:\/\/acts-he.de\/index.php?rest_route=\/wp\/v2\/users\/2"}],"replies":[{"embeddable":true,"href":"https:\/\/acts-he.de\/index.php?rest_route=%2Fwp%2Fv2%2Fcomments&post=15"}],"version-history":[{"count":182,"href":"https:\/\/acts-he.de\/index.php?rest_route=\/wp\/v2\/pages\/15\/revisions"}],"predecessor-version":[{"id":2613,"href":"https:\/\/acts-he.de\/index.php?rest_route=\/wp\/v2\/pages\/15\/revisions\/2613"}],"wp:attachment":[{"href":"https:\/\/acts-he.de\/index.php?rest_route=%2Fwp%2Fv2%2Fmedia&parent=15"}],"curies":[{"name":"wp","href":"https:\/\/api.w.org\/{rel}","templated":true}]}}